{"id":6,"date":"2020-03-23T12:00:00","date_gmt":"2020-03-23T11:00:00","guid":{"rendered":"https:\/\/192.168.0.28\/wp1\/?p=6"},"modified":"2025-12-18T11:45:02","modified_gmt":"2025-12-18T10:45:02","slug":"massage-epilation","status":"publish","type":"page","link":"https:\/\/guifang.phdlx.fr\/?page_id=6","title":{"rendered":"Pr\u00e9sentation"},"content":{"rendered":"\n<p><\/p>\n\n\n\n<div class=\"wp-block-group\"><div class=\"wp-block-group__inner-container is-layout-flow wp-block-group-is-layout-flow\">\n<div class=\"wp-block-group\"><div class=\"wp-block-group__inner-container is-layout-flow wp-block-group-is-layout-flow\">\n<p class=\"has-text-align-center has-accent-color has-text-color has-normal-font-size\"><strong>20 rue du Cotentin 75015 Paris<\/strong><\/p>\n<\/div><\/div>\n<\/div><\/div>\n\n\n\n<div class=\"wp-block-media-text alignwide is-stacked-on-mobile is-vertically-aligned-top is-image-fill-element\" style=\"grid-template-columns:34% auto\"><figure class=\"wp-block-media-text__media\"><img loading=\"lazy\" decoding=\"async\" width=\"390\" height=\"234\" src=\"https:\/\/guifang.phdlx.fr\/wp-content\/uploads\/2020\/04\/IMG_2362.jpg\" alt=\"\" class=\"wp-image-345 size-full\" style=\"object-position:50% 50%\" srcset=\"https:\/\/guifang.phdlx.fr\/wp-content\/uploads\/2020\/04\/IMG_2362.jpg 390w, https:\/\/guifang.phdlx.fr\/wp-content\/uploads\/2020\/04\/IMG_2362-300x180.jpg 300w\" sizes=\"auto, (max-width: 390px) 100vw, 390px\" \/><\/figure><div class=\"wp-block-media-text__content\">\n<p>Gui Fang Bien-\u00eatre est un  nouveau salon de massage\/\u00e9pilation situ\u00e9 \u00e0 proximit\u00e9 de la Gare Montparnasse Vaugirard, en face du Novotel.<\/p>\n\n\n\n<figure class=\"wp-block-image size-large\"><img loading=\"lazy\" decoding=\"async\" width=\"1024\" height=\"554\" src=\"https:\/\/guifang.phdlx.fr\/wp-content\/uploads\/2020\/06\/IMG_2771-1024x554.jpg\" alt=\"Transports proches\" class=\"wp-image-493\" srcset=\"https:\/\/guifang.phdlx.fr\/wp-content\/uploads\/2020\/06\/IMG_2771-1024x554.jpg 1024w, https:\/\/guifang.phdlx.fr\/wp-content\/uploads\/2020\/06\/IMG_2771-300x162.jpg 300w, https:\/\/guifang.phdlx.fr\/wp-content\/uploads\/2020\/06\/IMG_2771-768x415.jpg 768w, https:\/\/guifang.phdlx.fr\/wp-content\/uploads\/2020\/06\/IMG_2771.jpg 1200w\" sizes=\"auto, (max-width: 1024px) 100vw, 1024px\" \/><\/figure>\n\n\n\n<p class=\"has-text-align-center has-accent-color has-text-color\"><a href=\"http:\/\/guifang.phdlx.fr\/?page_id=489\" target=\"_blank\" rel=\"noreferrer noopener\">Plans des transports les plus proches<\/a><\/p>\n<\/div><\/div>\n\n\n\n<div class=\"wp-block-group\"><div class=\"wp-block-group__inner-container is-layout-flow wp-block-group-is-layout-flow\">\n<p class=\"has-text-align-center has-accent-color has-text-color has-link-color has-larger-font-size wp-elements-5b4665a76a7d5d91aa07291656698683\"><strong>Contact : 01 73 74 28 39<\/strong><\/p>\n<\/div><\/div>\n","protected":false},"excerpt":{"rendered":"<p>20 rue du Cotentin 75015 Paris Contact : 01 73 74 28 39<\/p>\n","protected":false},"author":1,"featured_media":0,"parent":0,"menu_order":1,"comment_status":"closed","ping_status":"closed","template":"","meta":{"inline_featured_image":false,"footnotes":""},"class_list":["post-6","page","type-page","status-publish","hentry"],"_links":{"self":[{"href":"https:\/\/guifang.phdlx.fr\/index.php?rest_route=\/wp\/v2\/pages\/6","targetHints":{"allow":["GET"]}}],"collection":[{"href":"https:\/\/guifang.phdlx.fr\/index.php?rest_route=\/wp\/v2\/pages"}],"about":[{"href":"https:\/\/guifang.phdlx.fr\/index.php?rest_route=\/wp\/v2\/types\/page"}],"author":[{"embeddable":true,"href":"https:\/\/guifang.phdlx.fr\/index.php?rest_route=\/wp\/v2\/users\/1"}],"replies":[{"embeddable":true,"href":"https:\/\/guifang.phdlx.fr\/index.php?rest_route=%2Fwp%2Fv2%2Fcomments&post=6"}],"version-history":[{"count":0,"href":"https:\/\/guifang.phdlx.fr\/index.php?rest_route=\/wp\/v2\/pages\/6\/revisions"}],"wp:attachment":[{"href":"https:\/\/guifang.phdlx.fr\/index.php?rest_route=%2Fwp%2Fv2%2Fmedia&parent=6"}],"curies":[{"name":"wp","href":"https:\/\/api.w.org\/{rel}","templated":true}]}}