{"id":489,"date":"2020-06-26T19:24:59","date_gmt":"2020-06-26T17:24:59","guid":{"rendered":"https:\/\/guifang.phdlx.fr\/?page_id=489"},"modified":"2023-06-27T22:34:24","modified_gmt":"2023-06-27T20:34:24","slug":"transports","status":"publish","type":"page","link":"https:\/\/guifang.phdlx.fr\/?page_id=489","title":{"rendered":"Transports les plus proches"},"content":{"rendered":"\n<div class=\"wp-block-group\"><div class=\"wp-block-group__inner-container is-layout-flow wp-block-group-is-layout-flow\">\n<figure class=\"wp-block-table alignwide\"><table><tbody><tr><td>Cotentin &#8211; Montparnasse 3<\/td><td><img loading=\"lazy\" decoding=\"async\" width=\"30\" height=\"30\" class=\"wp-image-504\" style=\"width: 30px;\" src=\"https:\/\/guifang.phdlx.fr\/wp-content\/uploads\/2020\/06\/bus.svg\" alt=\"\"> <\/td><td> <a href=\"https:\/\/www.ratp.fr\/plans-lignes\/busratp\/88\" rel=\"nofollow\"><img loading=\"lazy\" decoding=\"async\" width=\"40\" height=\"26\" class=\"wp-image-505\" style=\"width: 40px;\" src=\"https:\/\/guifang.phdlx.fr\/wp-content\/uploads\/2020\/06\/bus88.svg\" alt=\"\"><\/a><\/td><td>80m<\/td><\/tr><tr><td>Montparnasse 2 \u2013 Gare TGV<\/td><td><img loading=\"lazy\" decoding=\"async\" width=\"30\" height=\"30\" class=\"wp-image-504\" style=\"width: 30px;\" src=\"https:\/\/guifang.phdlx.fr\/wp-content\/uploads\/2020\/06\/bus.svg\" alt=\"\"><br><img decoding=\"async\" src=\"https:\/\/guifang.phdlx.fr\/wp-content\/uploads\/2020\/06\/Logo-noctilien.svg\" alt=\"\" style=\"width: 30px;\"><\/td><td> <a href=\"https:\/\/www.ratp.fr\/plans-lignes\/busratp\/91\"><img loading=\"lazy\" decoding=\"async\" width=\"40\" height=\"26\" class=\"wp-image-506\" style=\"width: 40px;\" src=\"https:\/\/guifang.phdlx.fr\/wp-content\/uploads\/2020\/06\/bus91.svg\" alt=\"\"><\/a><br> <a href=\"https:\/\/www.ratp.fr\/plans-lignes\/noctilien\/n63\"><img loading=\"lazy\" decoding=\"async\" width=\"40\" height=\"26\" class=\"wp-image-510\" style=\"width: 40px;\" src=\"https:\/\/guifang.phdlx.fr\/wp-content\/uploads\/2020\/06\/n63.svg\" alt=\"\"><\/a><a href=\"https:\/\/www.ratp.fr\/plans-lignes\/noctilien\/n66\"><img loading=\"lazy\" decoding=\"async\" width=\"40\" height=\"26\" class=\"wp-image-511\" style=\"width: 40px;\" src=\"https:\/\/guifang.phdlx.fr\/wp-content\/uploads\/2020\/06\/n66.svg\" alt=\"\"><\/a><\/td><td>130m<\/td><\/tr><tr><td>Institut Pasteur<\/td><td><img decoding=\"async\" src=\"https:\/\/guifang.phdlx.fr\/wp-content\/uploads\/2020\/06\/bus.svg\" alt=\"\" style=\"width: 30px;\"> <\/td><td> <a href=\"https:\/\/www.ratp.fr\/plans-lignes\/busratp\/95\"><img loading=\"lazy\" decoding=\"async\" width=\"40\" height=\"26\" class=\"wp-image-544\" style=\"width: 40px;\" src=\"https:\/\/guifang.phdlx.fr\/wp-content\/uploads\/2020\/06\/bus95.svg\" alt=\"\"><\/a><\/td><td>230m<\/td><\/tr><tr><td>Armorique \u2013 Mus\u00e9e Postal<\/td><td><img loading=\"lazy\" decoding=\"async\" width=\"30\" height=\"30\" class=\"wp-image-509\" style=\"width: 30px;\" src=\"https:\/\/guifang.phdlx.fr\/wp-content\/uploads\/2020\/06\/Logo-noctilien.svg\" alt=\"\"> <\/td><td> <a href=\"https:\/\/www.ratp.fr\/plans-lignes\/noctilien\/n12\"><img loading=\"lazy\" decoding=\"async\" width=\"40\" height=\"26\" class=\"wp-image-528\" style=\"width: 40px;\" src=\"https:\/\/guifang.phdlx.fr\/wp-content\/uploads\/2020\/06\/n12.svg\" alt=\"\"><\/a> <a href=\"https:\/\/www.ratp.fr\/plans-lignes\/noctilien\/n13\"><img loading=\"lazy\" decoding=\"async\" width=\"40\" height=\"26\" class=\"wp-image-529\" style=\"width: 40px;\" src=\"https:\/\/guifang.phdlx.fr\/wp-content\/uploads\/2020\/06\/n13.svg\" alt=\"\"><\/a> <a href=\"https:\/\/www.ratp.fr\/plans-lignes\/noctilien\/n61\"><img loading=\"lazy\" decoding=\"async\" width=\"40\" height=\"26\" class=\"wp-image-530\" style=\"width: 40px;\" src=\"https:\/\/guifang.phdlx.fr\/wp-content\/uploads\/2020\/06\/n61.svg\" alt=\"\"><\/a> <a href=\"https:\/\/www.ratp.fr\/plans-lignes\/noctilien\/n62\"><img loading=\"lazy\" decoding=\"async\" width=\"40\" height=\"26\" class=\"wp-image-531\" style=\"width: 40px;\" src=\"https:\/\/guifang.phdlx.fr\/wp-content\/uploads\/2020\/06\/n62.svg\" alt=\"\"><\/a><\/td><td>250m<\/td><\/tr><tr><td>Pasteur<\/td><td><img loading=\"lazy\" decoding=\"async\" width=\"30\" height=\"30\" class=\"wp-image-502\" style=\"width: 30px;\" src=\"https:\/\/guifang.phdlx.fr\/wp-content\/uploads\/2020\/06\/logo-m\u00e9tro.svg\" alt=\"\"> <\/td><td> <a href=\"https:\/\/www.ratp.fr\/plans-lignes\/metro\/6\"><img loading=\"lazy\" decoding=\"async\" width=\"30\" height=\"30\" class=\"wp-image-498\" style=\"width: 30px;\" src=\"https:\/\/guifang.phdlx.fr\/wp-content\/uploads\/2020\/06\/ligne6.svg\" alt=\"\"><\/a> <a href=\"https:\/\/www.ratp.fr\/plans-lignes\/metro\/12\"><img loading=\"lazy\" decoding=\"async\" width=\"30\" height=\"30\" class=\"wp-image-499\" style=\"width: 30px;\" src=\"https:\/\/guifang.phdlx.fr\/wp-content\/uploads\/2020\/06\/ligne12.svg\" alt=\"\"><\/a><\/td><td>380m<\/td><\/tr><tr><td>Gare Montparnasse<\/td><td><img loading=\"lazy\" decoding=\"async\" width=\"30\" height=\"30\" class=\"wp-image-500\" style=\"width: 30px;\" src=\"https:\/\/guifang.phdlx.fr\/wp-content\/uploads\/2020\/06\/Logo_train_transilien.svg\" alt=\"\"> <img loading=\"lazy\" decoding=\"async\" width=\"30\" height=\"30\" class=\"wp-image-501\" style=\"width: 30px;\" src=\"https:\/\/guifang.phdlx.fr\/wp-content\/uploads\/2020\/06\/Logo_Paris_Transilien_ligneN.svg\" alt=\"\"><br><img loading=\"lazy\" decoding=\"async\" width=\"30\" height=\"30\" class=\"wp-image-504\" style=\"width: 30px;\" src=\"https:\/\/guifang.phdlx.fr\/wp-content\/uploads\/2020\/06\/bus.svg\" alt=\"\"> <br><img decoding=\"async\" src=\"https:\/\/guifang.phdlx.fr\/wp-content\/uploads\/2020\/06\/Logo-noctilien.svg\" alt=\"\" style=\"width: 30px;\"><\/td><td><br><br> <a href=\"https:\/\/www.ratp.fr\/plans-lignes\/busratp\/92\"><img loading=\"lazy\" decoding=\"async\" width=\"40\" height=\"26\" class=\"wp-image-533\" style=\"width: 40px;\" src=\"https:\/\/guifang.phdlx.fr\/wp-content\/uploads\/2020\/06\/bus92.svg\" alt=\"\"><\/a> <a href=\"https:\/\/www.ratp.fr\/plans-lignes\/busratp\/96\"><img loading=\"lazy\" decoding=\"async\" width=\"40\" height=\"26\" class=\"wp-image-534\" style=\"width: 40px;\" src=\"https:\/\/guifang.phdlx.fr\/wp-content\/uploads\/2020\/06\/bus96.svg\" alt=\"\"><\/a> <img decoding=\"async\" class=\"wp-image-513\" style=\"width: 0px;\" src=\"https:\/\/guifang.phdlx.fr\/wp-content\/uploads\/2020\/06\/bus95.svg\" alt=\"\"><br> <a href=\"https:\/\/www.ratp.fr\/plans-lignes\/noctilien\/n02\"><img loading=\"lazy\" decoding=\"async\" width=\"40\" height=\"26\" class=\"wp-image-536\" style=\"width: 40px;\" src=\"https:\/\/guifang.phdlx.fr\/wp-content\/uploads\/2020\/06\/n02.svg\" alt=\"\"><\/a><\/td><td>490m<\/td><\/tr><tr><td>Pasteur \u2013 Lyc\u00e9e Buffon<\/td><td><img loading=\"lazy\" decoding=\"async\" width=\"30\" height=\"30\" class=\"wp-image-504\" style=\"width: 30px;\" src=\"https:\/\/guifang.phdlx.fr\/wp-content\/uploads\/2020\/06\/bus.svg\" alt=\"\"> <\/td><td> <a href=\"https:\/\/www.ratp.fr\/plans-lignes\/busratp\/89\"><img loading=\"lazy\" decoding=\"async\" width=\"40\" height=\"26\" class=\"wp-image-538\" style=\"width: 40px;\" src=\"https:\/\/guifang.phdlx.fr\/wp-content\/uploads\/2020\/06\/bus89.svg\" alt=\"\"><\/a><\/td><td>490m<\/td><\/tr><tr><td>Ga\u00eet\u00e9<\/td><td><img loading=\"lazy\" decoding=\"async\" width=\"30\" height=\"30\" class=\"wp-image-502\" style=\"width: 30px;\" src=\"https:\/\/guifang.phdlx.fr\/wp-content\/uploads\/2020\/06\/logo-m\u00e9tro.svg\" alt=\"\"> <\/td><td> <a href=\"https:\/\/www.ratp.fr\/plans-lignes\/metro\/13\"><img loading=\"lazy\" decoding=\"async\" width=\"30\" height=\"30\" class=\"wp-image-503\" style=\"width: 30px;\" src=\"https:\/\/guifang.phdlx.fr\/wp-content\/uploads\/2020\/06\/ligne13.svg\" alt=\"\"><\/a><\/td><td>550m<\/td><\/tr><tr><td>Montparnasse \u2013 Bienven\u00fce<\/td><td><img loading=\"lazy\" decoding=\"async\" width=\"30\" height=\"30\" class=\"wp-image-502\" style=\"width: 30px;\" src=\"https:\/\/guifang.phdlx.fr\/wp-content\/uploads\/2020\/06\/logo-m\u00e9tro.svg\" alt=\"\"> <\/td><td> <a href=\"https:\/\/www.ratp.fr\/plans-lignes\/metro\/4\"><img loading=\"lazy\" decoding=\"async\" width=\"30\" height=\"30\" class=\"wp-image-542\" style=\"width: 30px;\" src=\"https:\/\/guifang.phdlx.fr\/wp-content\/uploads\/2020\/06\/ligne4.svg\" alt=\"\"><\/a> <a href=\"https:\/\/www.ratp.fr\/plans-lignes\/metro\/6\"><img loading=\"lazy\" decoding=\"async\" width=\"30\" height=\"30\" class=\"wp-image-498\" style=\"width: 30px;\" src=\"https:\/\/guifang.phdlx.fr\/wp-content\/uploads\/2020\/06\/ligne6.svg\" alt=\"\"><\/a> <a href=\"https:\/\/www.ratp.fr\/plans-lignes\/metro\/12\"><img loading=\"lazy\" decoding=\"async\" width=\"30\" height=\"30\" class=\"wp-image-499\" style=\"width: 30px;\" src=\"https:\/\/guifang.phdlx.fr\/wp-content\/uploads\/2020\/06\/ligne12.svg\" alt=\"\"><\/a> <a href=\"https:\/\/www.ratp.fr\/plans-lignes\/metro\/13\"><img loading=\"lazy\" decoding=\"async\" width=\"30\" height=\"30\" class=\"wp-image-503\" style=\"width: 30px;\" src=\"https:\/\/guifang.phdlx.fr\/wp-content\/uploads\/2020\/06\/ligne13.svg\" alt=\"\"><\/a><\/td><td>570m<\/td><\/tr><tr><td>Duroc<\/td><td><img loading=\"lazy\" decoding=\"async\" width=\"30\" height=\"30\" class=\"wp-image-502\" style=\"width: 30px;\" src=\"https:\/\/guifang.phdlx.fr\/wp-content\/uploads\/2020\/06\/logo-m\u00e9tro.svg\" alt=\"\"> <\/td><td> <a href=\"https:\/\/www.ratp.fr\/plans-lignes\/metro\/10\"><img loading=\"lazy\" decoding=\"async\" width=\"30\" height=\"30\" class=\"wp-image-549\" style=\"width: 30px;\" src=\"https:\/\/guifang.phdlx.fr\/wp-content\/uploads\/2020\/06\/ligne10.svg\" alt=\"\"><\/a> <a href=\"https:\/\/www.ratp.fr\/plans-lignes\/metro\/13\"><img loading=\"lazy\" decoding=\"async\" width=\"30\" height=\"30\" class=\"wp-image-503\" style=\"width: 30px;\" src=\"https:\/\/guifang.phdlx.fr\/wp-content\/uploads\/2020\/06\/ligne13.svg\" alt=\"\"><\/a><\/td><td>910m<\/td><\/tr><\/tbody><\/table><\/figure>\n<\/div><\/div>\n","protected":false},"excerpt":{"rendered":"<p>Cotentin &#8211; Montparnasse 3 80m Montparnasse 2 \u2013 Gare TGV 130m Institut Pasteur 230m Armorique \u2013 Mus\u00e9e Postal 250m Pasteur 380m Gare Montparnasse 490m Pasteur \u2013 Lyc\u00e9e Buffon 490m Ga\u00eet\u00e9 550m Montparnasse \u2013 Bienven\u00fce 570m Duroc 910m<\/p>\n","protected":false},"author":1,"featured_media":0,"parent":6,"menu_order":0,"comment_status":"closed","ping_status":"closed","template":"templates\/template-full-width.php","meta":{"inline_featured_image":false,"footnotes":""},"class_list":["post-489","page","type-page","status-publish","hentry"],"_links":{"self":[{"href":"https:\/\/guifang.phdlx.fr\/index.php?rest_route=\/wp\/v2\/pages\/489","targetHints":{"allow":["GET"]}}],"collection":[{"href":"https:\/\/guifang.phdlx.fr\/index.php?rest_route=\/wp\/v2\/pages"}],"about":[{"href":"https:\/\/guifang.phdlx.fr\/index.php?rest_route=\/wp\/v2\/types\/page"}],"author":[{"embeddable":true,"href":"https:\/\/guifang.phdlx.fr\/index.php?rest_route=\/wp\/v2\/users\/1"}],"replies":[{"embeddable":true,"href":"https:\/\/guifang.phdlx.fr\/index.php?rest_route=%2Fwp%2Fv2%2Fcomments&post=489"}],"version-history":[{"count":0,"href":"https:\/\/guifang.phdlx.fr\/index.php?rest_route=\/wp\/v2\/pages\/489\/revisions"}],"up":[{"embeddable":true,"href":"https:\/\/guifang.phdlx.fr\/index.php?rest_route=\/wp\/v2\/pages\/6"}],"wp:attachment":[{"href":"https:\/\/guifang.phdlx.fr\/index.php?rest_route=%2Fwp%2Fv2%2Fmedia&parent=489"}],"curies":[{"name":"wp","href":"https:\/\/api.w.org\/{rel}","templated":true}]}}