{"id":323,"date":"2020-04-06T15:08:10","date_gmt":"2020-04-06T13:08:10","guid":{"rendered":"https:\/\/guifang.phdlx.fr\/?page_id=323"},"modified":"2020-08-25T17:58:15","modified_gmt":"2020-08-25T15:58:15","slug":"epilation","status":"publish","type":"page","link":"https:\/\/guifang.phdlx.fr\/?page_id=323","title":{"rendered":"\u00c9pilation"},"content":{"rendered":"\n<p><\/p>\n\n\n\n<p class=\"has-text-align-center has-accent-color has-text-color has-larger-font-size\"><\/p>\n\n\n\n<div class=\"wp-block-media-text alignwide is-stacked-on-mobile is-vertically-aligned-top\" style=\"grid-template-columns:19% auto\"><figure class=\"wp-block-media-text__media\"><img loading=\"lazy\" decoding=\"async\" width=\"220\" height=\"220\" src=\"https:\/\/guifang.phdlx.fr\/wp-content\/uploads\/2020\/04\/Epilation.jpg\" alt=\"\" class=\"wp-image-374\" srcset=\"https:\/\/guifang.phdlx.fr\/wp-content\/uploads\/2020\/04\/Epilation.jpg 220w, https:\/\/guifang.phdlx.fr\/wp-content\/uploads\/2020\/04\/Epilation-150x150.jpg 150w\" sizes=\"auto, (max-width: 220px) 100vw, 220px\" \/><\/figure><div class=\"wp-block-media-text__content\">\n<p class=\"has-normal-font-size\">Nous proposons une \u00e9pilation \u00e0 la cire chaude des diff\u00e9rentes parties du corps (<a href=\"https:\/\/guifang.phdlx.fr\/tarifs\/epilation\/\">voir la grille des tarifs<\/a>). L&rsquo;\u00e9pilation \u00e0 la cire permet une repousse des poils environ trois semaines apr\u00e8s et est moins douloureuse que l&rsquo;\u00e9pilation \u00e9lectrique.<\/p>\n\n\n\n<p><\/p>\n<\/div><\/div>\n\n\n\n<div class=\"wp-block-media-text alignwide has-media-on-the-right is-stacked-on-mobile is-vertically-aligned-top\" style=\"grid-template-columns:auto 40%\"><figure class=\"wp-block-media-text__media\"><img loading=\"lazy\" decoding=\"async\" width=\"1024\" height=\"768\" src=\"https:\/\/guifang.phdlx.fr\/wp-content\/uploads\/2020\/08\/Machines-epilation-1024x768.jpeg\" alt=\"\" class=\"wp-image-703\" srcset=\"https:\/\/guifang.phdlx.fr\/wp-content\/uploads\/2020\/08\/Machines-epilation-1024x768.jpeg 1024w, https:\/\/guifang.phdlx.fr\/wp-content\/uploads\/2020\/08\/Machines-epilation-300x225.jpeg 300w, https:\/\/guifang.phdlx.fr\/wp-content\/uploads\/2020\/08\/Machines-epilation-768x576.jpeg 768w, https:\/\/guifang.phdlx.fr\/wp-content\/uploads\/2020\/08\/Machines-epilation.jpeg 1200w\" sizes=\"auto, (max-width: 1024px) 100vw, 1024px\" \/><\/figure><div class=\"wp-block-media-text__content\">\n<p class=\"has-normal-font-size\">Nous utilisons deux moyens d&rsquo;\u00e9pilation :<\/p>\n\n\n\n<ul class=\"wp-block-list\"><li>Roll-on \u00e0 r\u00e9chauffage \u00e9lectrique pour garder une temp\u00e9rature constante<\/li><li>Chauffe-cire avec perles de cire et application \u00e0 la spatule<\/li><\/ul>\n\n\n\n<p>Utilisation ou non de bandes d\u00e9pilatoires<\/p>\n<\/div><\/div>\n\n\n\n<p><\/p>\n","protected":false},"excerpt":{"rendered":"<p>Nous proposons une \u00e9pilation \u00e0 la cire chaude des diff\u00e9rentes parties du corps (voir la grille des tarifs). L&rsquo;\u00e9pilation \u00e0 la cire permet une repousse des poils environ trois semaines apr\u00e8s et est moins douloureuse que l&rsquo;\u00e9pilation \u00e9lectrique. Nous utilisons deux moyens d&rsquo;\u00e9pilation : Roll-on \u00e0 r\u00e9chauffage \u00e9lectrique pour garder une temp\u00e9rature constante Chauffe-cire avec [&hellip;]<\/p>\n","protected":false},"author":1,"featured_media":0,"parent":292,"menu_order":1,"comment_status":"closed","ping_status":"closed","template":"","meta":{"inline_featured_image":false,"footnotes":""},"class_list":["post-323","page","type-page","status-publish","hentry"],"_links":{"self":[{"href":"https:\/\/guifang.phdlx.fr\/index.php?rest_route=\/wp\/v2\/pages\/323","targetHints":{"allow":["GET"]}}],"collection":[{"href":"https:\/\/guifang.phdlx.fr\/index.php?rest_route=\/wp\/v2\/pages"}],"about":[{"href":"https:\/\/guifang.phdlx.fr\/index.php?rest_route=\/wp\/v2\/types\/page"}],"author":[{"embeddable":true,"href":"https:\/\/guifang.phdlx.fr\/index.php?rest_route=\/wp\/v2\/users\/1"}],"replies":[{"embeddable":true,"href":"https:\/\/guifang.phdlx.fr\/index.php?rest_route=%2Fwp%2Fv2%2Fcomments&post=323"}],"version-history":[{"count":0,"href":"https:\/\/guifang.phdlx.fr\/index.php?rest_route=\/wp\/v2\/pages\/323\/revisions"}],"up":[{"embeddable":true,"href":"https:\/\/guifang.phdlx.fr\/index.php?rest_route=\/wp\/v2\/pages\/292"}],"wp:attachment":[{"href":"https:\/\/guifang.phdlx.fr\/index.php?rest_route=%2Fwp%2Fv2%2Fmedia&parent=323"}],"curies":[{"name":"wp","href":"https:\/\/api.w.org\/{rel}","templated":true}]}}