{"id":320,"date":"2020-04-06T15:03:09","date_gmt":"2020-04-06T13:03:09","guid":{"rendered":"https:\/\/guifang.phdlx.fr\/?page_id=320"},"modified":"2020-12-14T21:16:56","modified_gmt":"2020-12-14T20:16:56","slug":"massages","status":"publish","type":"page","link":"https:\/\/guifang.phdlx.fr\/?page_id=320","title":{"rendered":"Massages"},"content":{"rendered":"\n<div class=\"wp-block-media-text alignwide is-stacked-on-mobile is-vertically-aligned-top is-image-fill\"><figure class=\"wp-block-media-text__media\" style=\"background-image:url(https:\/\/guifang.phdlx.fr\/wp-content\/uploads\/2020\/04\/Thai-massage.jpg);background-position:50% 50%\"><img loading=\"lazy\" decoding=\"async\" width=\"500\" height=\"333\" src=\"https:\/\/guifang.phdlx.fr\/wp-content\/uploads\/2020\/04\/Thai-massage.jpg\" alt=\"\" class=\"wp-image-369\" srcset=\"https:\/\/guifang.phdlx.fr\/wp-content\/uploads\/2020\/04\/Thai-massage.jpg 500w, https:\/\/guifang.phdlx.fr\/wp-content\/uploads\/2020\/04\/Thai-massage-300x200.jpg 300w\" sizes=\"auto, (max-width: 500px) 100vw, 500px\" \/><\/figure><div class=\"wp-block-media-text__content\">\n<p><strong>Massage Tha\u00eflandais :<\/strong><\/p>\n\n\n\n<p class=\"has-normal-font-size\">C&rsquo;est un massage tha\u00ef traditionnel sec (sans huile) qui met l&rsquo;accent sur l&rsquo;harmonisation de tout le corps en combinant des techniques de yoga assist\u00e9 et d&rsquo;acupression tha\u00eflandaise. Le yoga assist\u00e9 signifie que le th\u00e9rapeute \u00e9tirera doucement vos jambes, vos bras et votre dos. L&rsquo;acupression tha\u00eflandaise consiste \u00e0 appuyer sur les points des m\u00e9ridiens de la ligne sen en utilisant les pouces ou les paumes. Ce massage complet du corps r\u00e9duit la tension musculaire, tout en relaxant et en cr\u00e9ant un bien-\u00eatre dans le tissu musculaire.<\/p>\n<\/div><\/div>\n\n\n\n<div class=\"wp-block-media-text alignwide has-media-on-the-right is-stacked-on-mobile is-vertically-aligned-top\"><figure class=\"wp-block-media-text__media\"><img loading=\"lazy\" decoding=\"async\" width=\"720\" height=\"478\" src=\"https:\/\/guifang.phdlx.fr\/wp-content\/uploads\/2020\/04\/Massage-huile.jpg\" alt=\"\" class=\"wp-image-364\" srcset=\"https:\/\/guifang.phdlx.fr\/wp-content\/uploads\/2020\/04\/Massage-huile.jpg 720w, https:\/\/guifang.phdlx.fr\/wp-content\/uploads\/2020\/04\/Massage-huile-300x199.jpg 300w\" sizes=\"auto, (max-width: 720px) 100vw, 720px\" \/><\/figure><div class=\"wp-block-media-text__content\">\n<p class=\"has-large-font-size\"><strong>Massage \u00e0 l&rsquo;huile chaude :<\/strong><\/p>\n\n\n\n<p>Le massage \u00e0 l&rsquo;huile est un soin parfait pour ceux qui veulent se d\u00e9tendre et passer un bon moment. Les mouvements doux et lisses avec l&rsquo;utilisation d&rsquo;huile chaude donneront un fort effet relaxant. La peau absorbe facilement l&rsquo;huile et devient plus douce et plus \u00e9lastique. Apr\u00e8s le massage, tout le corps est essuy\u00e9 avec une serviette, il n&rsquo;y aura donc pas de traces d&rsquo;huile sur vos v\u00eatements. Le traitement aide \u00e0 se d\u00e9tendre et \u00e0 am\u00e9liorer la qualit\u00e9 du sommeil.<\/p>\n<\/div><\/div>\n\n\n\n<div class=\"wp-block-media-text alignwide is-stacked-on-mobile is-vertically-aligned-top\"><figure class=\"wp-block-media-text__media\"><img loading=\"lazy\" decoding=\"async\" width=\"550\" height=\"345\" src=\"https:\/\/guifang.phdlx.fr\/wp-content\/uploads\/2020\/04\/IMG_2386-1.jpg\" alt=\"\" class=\"wp-image-358\" srcset=\"https:\/\/guifang.phdlx.fr\/wp-content\/uploads\/2020\/04\/IMG_2386-1.jpg 550w, https:\/\/guifang.phdlx.fr\/wp-content\/uploads\/2020\/04\/IMG_2386-1-300x188.jpg 300w\" sizes=\"auto, (max-width: 550px) 100vw, 550px\" \/><\/figure><div class=\"wp-block-media-text__content\">\n<p><strong>Massage des pieds :<\/strong><\/p>\n\n\n\n<p class=\"has-normal-font-size\"><br>Un massage destin\u00e9 \u00e0 relaxer les pieds raides, douloureux ou tendus en se concentrant sur le massage du haut et du bas de vos pieds afin que toute tension ou raideur puisse \u00eatre rel\u00e2ch\u00e9e en donnant un massage ferme autour de la zone de vos pieds pour les rendre plus l\u00e9gers et plus souples .<\/p>\n\n\n\n<p><\/p>\n<\/div><\/div>\n\n\n\n<div class=\"wp-block-media-text alignwide has-media-on-the-right is-stacked-on-mobile is-vertically-aligned-top\"><figure class=\"wp-block-media-text__media\"><img loading=\"lazy\" decoding=\"async\" width=\"480\" height=\"640\" src=\"https:\/\/guifang.phdlx.fr\/wp-content\/uploads\/2020\/08\/IMG_8679-rotated.jpg\" alt=\"\" class=\"wp-image-688\" srcset=\"https:\/\/guifang.phdlx.fr\/wp-content\/uploads\/2020\/08\/IMG_8679-rotated.jpg 480w, https:\/\/guifang.phdlx.fr\/wp-content\/uploads\/2020\/08\/IMG_8679-225x300.jpg 225w\" sizes=\"auto, (max-width: 480px) 100vw, 480px\" \/><\/figure><div class=\"wp-block-media-text__content\">\n<p><strong>Bain de pieds relaxant<\/strong><\/p>\n\n\n\n<p class=\"has-normal-font-size\"><br>Gommage<\/p>\n\n\n\n<p><\/p>\n<\/div><\/div>\n\n\n\n<p><\/p>\n\n\n\n<p><\/p>\n","protected":false},"excerpt":{"rendered":"<p>Massage Tha\u00eflandais : C&rsquo;est un massage tha\u00ef traditionnel sec (sans huile) qui met l&rsquo;accent sur l&rsquo;harmonisation de tout le corps en combinant des techniques de yoga assist\u00e9 et d&rsquo;acupression tha\u00eflandaise. Le yoga assist\u00e9 signifie que le th\u00e9rapeute \u00e9tirera doucement vos jambes, vos bras et votre dos. L&rsquo;acupression tha\u00eflandaise consiste \u00e0 appuyer sur les points des [&hellip;]<\/p>\n","protected":false},"author":1,"featured_media":0,"parent":292,"menu_order":0,"comment_status":"closed","ping_status":"closed","template":"","meta":{"inline_featured_image":false,"footnotes":""},"class_list":["post-320","page","type-page","status-publish","hentry"],"_links":{"self":[{"href":"https:\/\/guifang.phdlx.fr\/index.php?rest_route=\/wp\/v2\/pages\/320","targetHints":{"allow":["GET"]}}],"collection":[{"href":"https:\/\/guifang.phdlx.fr\/index.php?rest_route=\/wp\/v2\/pages"}],"about":[{"href":"https:\/\/guifang.phdlx.fr\/index.php?rest_route=\/wp\/v2\/types\/page"}],"author":[{"embeddable":true,"href":"https:\/\/guifang.phdlx.fr\/index.php?rest_route=\/wp\/v2\/users\/1"}],"replies":[{"embeddable":true,"href":"https:\/\/guifang.phdlx.fr\/index.php?rest_route=%2Fwp%2Fv2%2Fcomments&post=320"}],"version-history":[{"count":0,"href":"https:\/\/guifang.phdlx.fr\/index.php?rest_route=\/wp\/v2\/pages\/320\/revisions"}],"up":[{"embeddable":true,"href":"https:\/\/guifang.phdlx.fr\/index.php?rest_route=\/wp\/v2\/pages\/292"}],"wp:attachment":[{"href":"https:\/\/guifang.phdlx.fr\/index.php?rest_route=%2Fwp%2Fv2%2Fmedia&parent=320"}],"curies":[{"name":"wp","href":"https:\/\/api.w.org\/{rel}","templated":true}]}}