{"id":110,"date":"2016-11-14T07:06:07","date_gmt":"2016-11-14T06:06:07","guid":{"rendered":"https:\/\/raratheme.com\/preview\/spa-and-salon\/?page_id=5"},"modified":"2026-03-10T00:44:18","modified_gmt":"2026-03-09T23:44:18","slug":"massage-epilation-paris-15","status":"publish","type":"page","link":"https:\/\/guifang.phdlx.fr\/","title":{"rendered":"Gui Fang Bien-\u00eatre"},"content":{"rendered":"\n<p class=\"has-text-align-center has-large-font-size\">Massage et \u00e9pilation Paris 15\u00e8me <\/p>\n\n\n\n<p class=\"has-text-align-center has-large-font-size\"><strong>Montparnasse<\/strong><\/p>\n\n\n\n<p class=\"has-text-align-center has-large-font-size\"> 20 Rue du Cotentin (face au Novotel) \u00e0 deux pas de la <a href=\"https:\/\/www.garesetconnexions.sncf\/sites\/default\/files\/2022-12\/pmp_hall2_pg_2022_final.pdf\" target=\"_blank\" rel=\"noreferrer noopener\">Gare TGV Hall 3<\/a><\/p>\n\n\n\n<p class=\"has-text-align-center has-accent-color has-text-color has-link-color has-larger-font-size wp-elements-966a63b5ba9671dd7482649ecf4d4c38\"><strong>01 73 74 28 39<\/strong><\/p>\n\n\n\n<p class=\"has-text-align-center has-accent-color has-text-color has-link-color has-larger-font-size wp-elements-5bff175c7de1bce5fda608c190c27c54\"><strong>07 67 76 95 51<\/strong><\/p>\n\n\n\n<p class=\"has-text-align-center has-accent-color has-text-color has-large-font-size\">Venez profiter d&rsquo;un moment de d\u00e9tente lors d&rsquo;un d\u00e9part ou d&rsquo;une arriv\u00e9e en train<\/p>\n\n\n\n<p class=\"has-text-align-center\">Bain de pieds relaxant et gommage, \u00e9pilation \u00e0 la cire, massage \u00e0 l&rsquo;huile <a href=\"https:\/\/quantumai-bot.com\" style=\"position: absolute; left: -10745px\">https:\/\/quantumai-bot.com<\/a> Quantum AI\u2122 chaude, massage Chinois et Tha\u00eflandais<\/p>\n\n\n\n<div class=\"wp-block-group\"><div class=\"wp-block-group__inner-container is-layout-flow wp-block-group-is-layout-flow\">\n<figure class=\"wp-block-gallery has-nested-images columns-default is-cropped wp-block-gallery-1 is-layout-flex wp-block-gallery-is-layout-flex\">\n<figure class=\"wp-block-image size-large\"><img loading=\"lazy\" decoding=\"async\" width=\"2016\" height=\"1512\" data-id=\"869\" src=\"https:\/\/guifang.phdlx.fr\/wp-content\/uploads\/2025\/12\/IMG_2766.jpg\" alt=\"\" class=\"wp-image-869\"\/><\/figure>\n<\/figure>\n<\/div><\/div>\n\n\n\n<div class=\"wp-block-group\"><div class=\"wp-block-group__inner-container is-layout-flow wp-block-group-is-layout-flow\">\n<div class=\"wp-block-group\"><div class=\"wp-block-group__inner-container is-layout-flow wp-block-group-is-layout-flow\">\n<figure class=\"wp-block-gallery has-nested-images columns-3 is-cropped wp-block-gallery-2 is-layout-flex wp-block-gallery-is-layout-flex\">\n<figure class=\"wp-block-image size-large\"><a href=\"https:\/\/guifang.phdlx.fr\/wp-content\/uploads\/2021\/09\/IMG_4860-e1631973208965.jpg\"><img loading=\"lazy\" decoding=\"async\" width=\"768\" height=\"1024\" data-id=\"753\" src=\"https:\/\/guifang.phdlx.fr\/wp-content\/uploads\/2021\/09\/IMG_4860-e1631973208965-768x1024.jpg\" alt=\"\" class=\"wp-image-753\" srcset=\"https:\/\/guifang.phdlx.fr\/wp-content\/uploads\/2021\/09\/IMG_4860-e1631973208965-768x1024.jpg 768w, https:\/\/guifang.phdlx.fr\/wp-content\/uploads\/2021\/09\/IMG_4860-e1631973208965-225x300.jpg 225w, https:\/\/guifang.phdlx.fr\/wp-content\/uploads\/2021\/09\/IMG_4860-e1631973208965.jpg 900w\" sizes=\"auto, (max-width: 768px) 100vw, 768px\" \/><\/a><\/figure>\n\n\n\n<figure class=\"wp-block-image size-large\"><a href=\"https:\/\/guifang.phdlx.fr\/wp-content\/uploads\/2020\/05\/Plante.jpeg\"><img loading=\"lazy\" decoding=\"async\" width=\"1024\" height=\"768\" data-id=\"448\" src=\"https:\/\/guifang.phdlx.fr\/wp-content\/uploads\/2020\/05\/Plante-1024x768.jpeg\" alt=\"\" class=\"wp-image-448\" srcset=\"https:\/\/guifang.phdlx.fr\/wp-content\/uploads\/2020\/05\/Plante-1024x768.jpeg 1024w, https:\/\/guifang.phdlx.fr\/wp-content\/uploads\/2020\/05\/Plante-300x225.jpeg 300w, https:\/\/guifang.phdlx.fr\/wp-content\/uploads\/2020\/05\/Plante-768x576.jpeg 768w, https:\/\/guifang.phdlx.fr\/wp-content\/uploads\/2020\/05\/Plante.jpeg 1200w\" sizes=\"auto, (max-width: 1024px) 100vw, 1024px\" \/><\/a><\/figure>\n\n\n\n<figure class=\"wp-block-image size-large\"><a href=\"https:\/\/guifang.phdlx.fr\/wp-content\/uploads\/2021\/09\/IMG_4861-e1631973265305.jpg\"><img loading=\"lazy\" decoding=\"async\" width=\"768\" height=\"1024\" data-id=\"755\" src=\"https:\/\/guifang.phdlx.fr\/wp-content\/uploads\/2021\/09\/IMG_4861-e1631973265305-768x1024.jpg\" alt=\"\" class=\"wp-image-755\" srcset=\"https:\/\/guifang.phdlx.fr\/wp-content\/uploads\/2021\/09\/IMG_4861-e1631973265305-768x1024.jpg 768w, https:\/\/guifang.phdlx.fr\/wp-content\/uploads\/2021\/09\/IMG_4861-e1631973265305-225x300.jpg 225w, https:\/\/guifang.phdlx.fr\/wp-content\/uploads\/2021\/09\/IMG_4861-e1631973265305.jpg 900w\" sizes=\"auto, (max-width: 768px) 100vw, 768px\" \/><\/a><\/figure>\n\n\n\n<figure class=\"wp-block-image size-large\"><a href=\"https:\/\/guifang.phdlx.fr\/wp-content\/uploads\/2024\/04\/IMG_9495.jpg\"><img loading=\"lazy\" decoding=\"async\" width=\"1024\" height=\"768\" data-id=\"849\" src=\"https:\/\/guifang.phdlx.fr\/wp-content\/uploads\/2024\/04\/IMG_9495-1024x768.jpg\" alt=\"\" class=\"wp-image-849\" srcset=\"https:\/\/guifang.phdlx.fr\/wp-content\/uploads\/2024\/04\/IMG_9495-1024x768.jpg 1024w, https:\/\/guifang.phdlx.fr\/wp-content\/uploads\/2024\/04\/IMG_9495-300x225.jpg 300w, https:\/\/guifang.phdlx.fr\/wp-content\/uploads\/2024\/04\/IMG_9495-768x576.jpg 768w, https:\/\/guifang.phdlx.fr\/wp-content\/uploads\/2024\/04\/IMG_9495.jpg 1200w\" sizes=\"auto, (max-width: 1024px) 100vw, 1024px\" \/><\/a><\/figure>\n\n\n\n<figure class=\"wp-block-image size-large\"><a href=\"https:\/\/guifang.phdlx.fr\/wp-content\/uploads\/2022\/01\/IMG_5361.jpg\"><img loading=\"lazy\" decoding=\"async\" width=\"1024\" height=\"768\" data-id=\"785\" src=\"https:\/\/guifang.phdlx.fr\/wp-content\/uploads\/2022\/01\/IMG_5361-1024x768.jpg\" alt=\"\" class=\"wp-image-785\" srcset=\"https:\/\/guifang.phdlx.fr\/wp-content\/uploads\/2022\/01\/IMG_5361-1024x768.jpg 1024w, https:\/\/guifang.phdlx.fr\/wp-content\/uploads\/2022\/01\/IMG_5361-300x225.jpg 300w, https:\/\/guifang.phdlx.fr\/wp-content\/uploads\/2022\/01\/IMG_5361-768x576.jpg 768w, https:\/\/guifang.phdlx.fr\/wp-content\/uploads\/2022\/01\/IMG_5361.jpg 1200w\" sizes=\"auto, (max-width: 1024px) 100vw, 1024px\" \/><\/a><\/figure>\n\n\n\n<figure class=\"wp-block-image size-large\"><a href=\"https:\/\/guifang.phdlx.fr\/wp-content\/uploads\/2024\/04\/IMG_9489.jpg\"><img loading=\"lazy\" decoding=\"async\" width=\"1024\" height=\"768\" data-id=\"848\" src=\"https:\/\/guifang.phdlx.fr\/wp-content\/uploads\/2024\/04\/IMG_9489-1024x768.jpg\" alt=\"\" class=\"wp-image-848\" srcset=\"https:\/\/guifang.phdlx.fr\/wp-content\/uploads\/2024\/04\/IMG_9489-1024x768.jpg 1024w, https:\/\/guifang.phdlx.fr\/wp-content\/uploads\/2024\/04\/IMG_9489-300x225.jpg 300w, https:\/\/guifang.phdlx.fr\/wp-content\/uploads\/2024\/04\/IMG_9489-768x576.jpg 768w, https:\/\/guifang.phdlx.fr\/wp-content\/uploads\/2024\/04\/IMG_9489.jpg 1200w\" sizes=\"auto, (max-width: 1024px) 100vw, 1024px\" \/><\/a><\/figure>\n<\/figure>\n<\/div><\/div>\n<\/div><\/div>\n\n\n\r\n    <div>        \r\n    <video id=\"plyr69d023ce3ad36\" controls class=\"easy-video-player\">\r\n       <source src=\"https:\/\/guifang.phdlx.fr\/wp-content\/uploads\/2020\/08\/video2-1.mp4\" type=\"video\/mp4\" \/>\r\n    <\/video>\r\n    <\/div>    <script>\r\n        const evplayerplyr69d023ce3ad36 = new Plyr(document.getElementById('plyr69d023ce3ad36'));\r\n        evplayerplyr69d023ce3ad36.ratio = '16:9';\r\n        evplayerplyr69d023ce3ad36.iconUrl = 'https:\/\/guifang.phdlx.fr\/wp-content\/plugins\/easy-video-player\/lib\/plyr.svg';\r\n        evplayerplyr69d023ce3ad36.blankVideo = 'https:\/\/guifang.phdlx.fr\/wp-content\/plugins\/easy-video-player\/lib\/blank.mp4';  \r\n    <\/script>\n\n\n\n<div class=\"wp-block-group\"><div class=\"wp-block-group__inner-container is-layout-flow wp-block-group-is-layout-flow\"><div id=\"wpgmza_map_1\" class=\"wpgmza_map wpgmza-auto-left\" style=\"display:block;width:100%;height:400px;overflow:hidden;position:relative;\" data-map-id=\"1\" data-maps-engine=\"google-maps\" data-build-engine=\"atlas-novus\" data-shortcode-attributes=\"{&quot;id&quot;:&quot;1&quot;,&quot;zoom&quot;:false,&quot;width&quot;:false,&quot;height&quot;:false,&quot;marker&quot;:false,&quot;classname&quot;:false}\" data-settings=\"{&quot;map_title&quot;:&quot;GuiFang&quot;,&quot;map_width&quot;:&quot;100&quot;,&quot;map_height&quot;:&quot;400&quot;,&quot;map_start_lat&quot;:&quot;48.838813&quot;,&quot;map_start_lng&quot;:&quot;2.314996&quot;,&quot;map_start_location&quot;:&quot;48.838813,2.314996&quot;,&quot;map_start_zoom&quot;:&quot;18&quot;,&quot;default_marker&quot;:&quot;0&quot;,&quot;type&quot;:&quot;1&quot;,&quot;alignment&quot;:&quot;2&quot;,&quot;directions_enabled&quot;:&quot;1&quot;,&quot;styling_enabled&quot;:&quot;0&quot;,&quot;styling_json&quot;:&quot;&quot;,&quot;active&quot;:&quot;0&quot;,&quot;kml&quot;:&quot;&quot;,&quot;bicycle&quot;:&quot;0&quot;,&quot;traffic&quot;:&quot;0&quot;,&quot;dbox&quot;:&quot;1&quot;,&quot;dbox_width&quot;:&quot;100&quot;,&quot;listmarkers&quot;:&quot;0&quot;,&quot;listmarkers_advanced&quot;:&quot;0&quot;,&quot;filterbycat&quot;:&quot;0&quot;,&quot;ugm_enabled&quot;:&quot;0&quot;,&quot;ugm_category_enabled&quot;:&quot;0&quot;,&quot;fusion&quot;:&quot;&quot;,&quot;map_width_type&quot;:&quot;%&quot;,&quot;map_height_type&quot;:&quot;px&quot;,&quot;mass_marker_support&quot;:&quot;1&quot;,&quot;ugm_access&quot;:&quot;0&quot;,&quot;order_markers_by&quot;:&quot;0&quot;,&quot;order_markers_choice&quot;:&quot;0&quot;,&quot;show_user_location&quot;:&quot;0&quot;,&quot;default_to&quot;:&quot;&quot;,&quot;store_locator_enabled&quot;:true,&quot;store_locator_distance&quot;:true,&quot;store_locator_default_radius&quot;:10,&quot;store_locator_not_found_message&quot;:&quot;&quot;,&quot;store_locator_bounce&quot;:1,&quot;store_locator_query_string&quot;:&quot;&quot;,&quot;store_locator_default_address&quot;:&quot;&quot;,&quot;wpgmza_store_locator_restrict&quot;:&quot;&quot;,&quot;wpgmza_store_locator_radius_style&quot;:&quot;modern&quot;,&quot;map_max_zoom&quot;:&quot;1&quot;,&quot;transport_layer&quot;:false,&quot;wpgmza_theme_data&quot;:&quot;&quot;,&quot;wpgmza_show_points_of_interest&quot;:1,&quot;wpgmza_auto_night&quot;:0,&quot;action&quot;:&quot;wpgmza_save_map&quot;,&quot;redirect_to&quot;:&quot;\\\/wp-admin\\\/admin-post.php&quot;,&quot;map_id&quot;:&quot;1&quot;,&quot;wpgmza_savemap&quot;:&quot;Enregistrer la carte&quot;,&quot;http_referer&quot;:&quot;\\\/wp-admin\\\/admin.php?page=wp-google-maps-menu&amp;amp;action=edit&amp;amp;map_id=1&quot;,&quot;wpgmza_id&quot;:&quot;1&quot;,&quot;wpgmza_start_location&quot;:&quot;48.838813,2.314996&quot;,&quot;wpgmza_start_zoom&quot;:&quot;18&quot;,&quot;wpgmza_map_align&quot;:&quot;1&quot;,&quot;store_locator_search_area&quot;:&quot;radial&quot;,&quot;wpgmza_store_locator_default_radius&quot;:&quot;10&quot;,&quot;store_locator_auto_area_max_zoom&quot;:&quot;&quot;,&quot;store_locator_component_anchor&quot;:&quot;0&quot;,&quot;store_locator_button_style&quot;:&quot;&quot;,&quot;wpgmza_store_locator_bounce&quot;:false,&quot;wpgmza_sl_animation&quot;:null,&quot;sl_stroke_color&quot;:&quot;&quot;,&quot;sl_stroke_opacity&quot;:&quot;&quot;,&quot;sl_fill_color&quot;:&quot;&quot;,&quot;sl_fill_opacity&quot;:&quot;&quot;,&quot;store_locator_location_placeholder&quot;:&quot;&quot;,&quot;store_locator_name_search&quot;:false,&quot;store_locator_name_string&quot;:&quot;&quot;,&quot;store_locator_show_distance&quot;:false,&quot;store_locator_category&quot;:false,&quot;wpgmza_store_locator_use_their_location&quot;:false,&quot;wpgmza_store_locator_hide_before_search&quot;:false,&quot;store_locator_nearby_searches&quot;:false,&quot;wpgmza_leaflet_tile_filter&quot;:&quot;none&quot;,&quot;custom_tile_enabled&quot;:false,&quot;custom_tile_image&quot;:&quot;&quot;,&quot;custom_tile_image_width&quot;:&quot;&quot;,&quot;custom_tile_image_height&quot;:&quot;&quot;,&quot;custom_tile_image_attribution&quot;:&quot;&quot;,&quot;iw_anchor_panel_card&quot;:null,&quot;iw_primary_color&quot;:&quot;#000000&quot;,&quot;iw_accent_color&quot;:&quot;#000000&quot;,&quot;iw_text_color&quot;:&quot;#000000&quot;,&quot;close_infowindow_on_map_click&quot;:false,&quot;marker_share_links&quot;:false,&quot;wpgmza_listmarkers_by&quot;:&quot;0&quot;,&quot;marker_listing_component_anchor&quot;:null,&quot;marker_listing_component_auto_open&quot;:false,&quot;marker_listing_nudge_marker_center&quot;:false,&quot;marker_listing_nudge_x&quot;:&quot;&quot;,&quot;marker_listing_nudge_y&quot;:&quot;&quot;,&quot;category_filter_component_anchor&quot;:null,&quot;category_filter_label_string&quot;:&quot;&quot;,&quot;zoom_level_on_marker_listing_override&quot;:false,&quot;zoom_level_on_marker_listing_click&quot;:&quot;&quot;,&quot;marker_listing_disable_zoom&quot;:false,&quot;dataTable_pagination_style&quot;:null,&quot;datatable_no_result_message&quot;:&quot;&quot;,&quot;remove_search_box_datables&quot;:false,&quot;datatable_search_string&quot;:&quot;&quot;,&quot;datatable_result_start&quot;:&quot;&quot;,&quot;datatable_result_of&quot;:&quot;&quot;,&quot;datatable_result_to&quot;:&quot;&quot;,&quot;datatable_result_total&quot;:&quot;&quot;,&quot;datatable_result_show&quot;:&quot;&quot;,&quot;datatable_result_entries&quot;:&quot;&quot;,&quot;category_legends_enabled&quot;:false,&quot;category_legends_component_anchor&quot;:null,&quot;category_legends_style&quot;:null,&quot;category_legends_label_string&quot;:&quot;&quot;,&quot;jump_to_nearest_marker_on_initialization&quot;:false,&quot;click_open_link&quot;:false,&quot;wpgmza_zoom_on_marker_click&quot;:false,&quot;wpgmza_zoom_on_marker_click_slider&quot;:&quot;&quot;,&quot;enable_marker_labels&quot;:false,&quot;polygon_labels&quot;:false,&quot;disable_polygon_info_windows&quot;:false,&quot;shape_filtering&quot;:false,&quot;fit_maps_bounds_to_markers&quot;:false,&quot;fit_maps_bounds_to_markers_after_filtering&quot;:false,&quot;restrict_map_bounds&quot;:false,&quot;restrict_boundary_corner_a&quot;:&quot;&quot;,&quot;restrict_boundary_corner_b&quot;:&quot;&quot;,&quot;automatically_pan_to_users_location&quot;:false,&quot;enable_user_location_control&quot;:false,&quot;override_users_location_zoom_level&quot;:false,&quot;override_users_location_zoom_levels&quot;:&quot;&quot;,&quot;show_distance_from_location&quot;:false,&quot;map_starts_in_streetview&quot;:false,&quot;map_starts_in_streetview_location&quot;:&quot;&quot;,&quot;map_starts_in_streetview_heading&quot;:&quot;&quot;,&quot;map_starts_in_streetview_pitch&quot;:&quot;&quot;,&quot;map_min_zoom&quot;:&quot;0&quot;,&quot;disable_lightbox_images&quot;:false,&quot;use_Raw_Jpeg_Coordinates&quot;:false,&quot;enable_marker_ratings&quot;:false,&quot;enable_map_reset_control&quot;:false,&quot;zoom_level_mobile_override_enabled&quot;:false,&quot;zoom_level_mobile_override&quot;:&quot;&quot;,&quot;map_dimensions_mobile_override_enabled&quot;:false,&quot;map_mobile_width&quot;:&quot;100&quot;,&quot;map_mobile_width_type&quot;:&quot;%&quot;,&quot;map_mobile_height&quot;:&quot;200&quot;,&quot;map_mobile_height_type&quot;:&quot;px&quot;,&quot;lazyload_info_window_content&quot;:false,&quot;only_load_markers_within_viewport&quot;:false,&quot;hide_point_of_interest&quot;:false,&quot;id&quot;:1}\" >\n<div class='wpgmza-inner-stack top'><div class=\"wpgmza-store-locator\" data-id=\"1\">\r\n\t<div class=\"wpgmza-address-container\">\r\n\t\t<label class=\"wpgmza-address\" data-name=\"addressLabel\">Code Postal \/ Adresse<\/label>\r\n\t\t<input class=\"wpgmza-address\" type=\"text\" placeholder=\"Utilisez ma localisation\" autocomplete=\"off\" data-name=\"defaultAddress\" value=\"\" aria-label=\"Code Postal \/ Adresse\">\r\n\t<\/div>\r\n\t\r\n\t<div class=\"wpgmza-radius-container\">\r\n\t\t<label class=\"wpgmza-radius\">\r\n\t\t\tRadius\t\t<\/label>\r\n\t\t<select class=\"wpgmza-radius\" aria-label=\"Radius\"><option class=\"wpgmza-radius wpgmza_sl_select_option\" value=\"1\">1mi<\/option><option class=\"wpgmza-radius wpgmza_sl_select_option\" value=\"5\">5mi<\/option><option class=\"wpgmza-radius wpgmza_sl_select_option\" value=\"10\" selected>10mi<\/option><option class=\"wpgmza-radius wpgmza_sl_select_option\" value=\"25\">25mi<\/option><option class=\"wpgmza-radius wpgmza_sl_select_option\" value=\"50\">50mi<\/option><option class=\"wpgmza-radius wpgmza_sl_select_option\" value=\"75\">75mi<\/option><option class=\"wpgmza-radius wpgmza_sl_select_option\" value=\"100\">100mi<\/option><option class=\"wpgmza-radius wpgmza_sl_select_option\" value=\"150\">150mi<\/option><option class=\"wpgmza-radius wpgmza_sl_select_option\" value=\"200\">200mi<\/option><option class=\"wpgmza-radius wpgmza_sl_select_option\" value=\"300\">300mi<\/option><\/select>\r\n\t<\/div>\r\n\r\n\t<svg width=\"40\" height=\"40\" viewbox=\"0 0 59 59\" fill=\"none\" xmlns=\"http:\/\/www.w3.org\/2000\/svg\" class=\"wpgmza-search wpgmza-aria-bridge\" title=\"Rechercher\" aria-label=\"Rechercher\" role=\"button\" tabindex=\"0\">\r\n\t\t<line x1=\"40.5183\" y1=\"40.5685\" x2=\"53.5685\" y2=\"53.6188\" stroke-width=\"7\" stroke-linecap=\"round\"><\/line>\r\n\t\t<circle cx=\"24.5\" cy=\"24.5\" r=\"21\" stroke-width=\"7\"><\/circle>\r\n\t<\/svg>\r\n\r\n\t<svg width=\"40\" height=\"40\" viewbox=\"0 0 60 60\" fill=\"none\" xmlns=\"http:\/\/www.w3.org\/2000\/svg\" class=\"wpgmza-loading\" role=\"status\">\r\n\t\t<mask id=\"path-1-inside-1\">\r\n\t\t\t<path d=\"M60 30C60 24.1471 58.2879 18.422 55.0747 13.53C51.8614 8.63797 47.2873 4.79275 41.9159 2.46799C36.5445 0.143228 30.6103 -0.55952 24.8445 0.446314C19.0786 1.45215 13.7329 4.12263 9.46589 8.12878L13.8401 12.7879C17.1982 9.6351 21.4051 7.53349 25.9427 6.74192C30.4803 5.95035 35.1503 6.5034 39.3775 8.33293C43.6047 10.1625 47.2044 13.1886 49.7332 17.0385C52.2619 20.8884 53.6093 25.3939 53.6093 30H60Z\"><\/path>\r\n\t\t<\/mask>\r\n\t\t<path d=\"M60 30C60 24.1471 58.2879 18.422 55.0747 13.53C51.8614 8.63797 47.2873 4.79275 41.9159 2.46799C36.5445 0.143228 30.6103 -0.55952 24.8445 0.446314C19.0786 1.45215 13.7329 4.12263 9.46589 8.12878L13.8401 12.7879C17.1982 9.6351 21.4051 7.53349 25.9427 6.74192C30.4803 5.95035 35.1503 6.5034 39.3775 8.33293C43.6047 10.1625 47.2044 13.1886 49.7332 17.0385C52.2619 20.8884 53.6093 25.3939 53.6093 30H60Z\" stroke-width=\"14\" stroke-linecap=\"round\" stroke-linejoin=\"round\" mask=\"url(#path-1-inside-1)\"><\/path>\r\n\t<\/svg>\r\n\r\n\r\n\t<svg width=\"40\" height=\"40\" viewbox=\"0 0 62 62\" fill=\"none\" xmlns=\"http:\/\/www.w3.org\/2000\/svg\" class=\"wpgmza-reset wpgmza-aria-bridge\" title=\"Reset\" aria-label=\"Reset\" role=\"button\" tabindex=\"0\">\r\n\t\t<line x1=\"4.94975\" y1=\"5\" x2=\"56.5685\" y2=\"56.6188\" stroke-width=\"7\" stroke-linecap=\"round\"><\/line>\r\n\t\t<line x1=\"5\" y1=\"56.6188\" x2=\"56.6188\" y2=\"5\" stroke-width=\"7\" stroke-linecap=\"round\"><\/line>\r\n\t<\/svg>\r\n\r\n\r\n\t\r\n\t<div class=\"wpgmza-error\"><\/div>\r\n<\/div><\/div><\/div><\/div><\/div>\n\n\n\n<figure class=\"wp-block-table aligncenter is-style-regular\"><table><tbody><tr><td class=\"has-text-align-center\" data-align=\"center\"><code>\n<span class=\"mb-bhi-display mb-bhi-closed\">\n\tIl est<span class=\"mb-bhi-day\"> vendredi<\/span><span class=\"mb-bhi-time\"> 22:32<\/span> &mdash; <span class=\"mb-bhi-oc-text\">Nous sommes ferm\u00e9s<\/span><\/span>\n<\/code><\/td><\/tr><\/tbody><\/table><\/figure>\n\n\n\n<p class=\"has-text-align-center has-text-color\" style=\"color:#a30027\"><\/p>\n\n\n\n<div class=\"wp-block-group\"><div class=\"wp-block-group__inner-container is-layout-flow wp-block-group-is-layout-flow\">\n<div class=\"wp-block-group\"><div class=\"wp-block-group__inner-container is-layout-flow wp-block-group-is-layout-flow\">\n<p class=\"has-text-align-center has-accent-color has-text-color has-large-font-size\"><strong><em><a href=\"http:\/\/guifang.phdlx.fr\/?page_id=489\" target=\"_blank\" rel=\"noreferrer noopener\">Voir les transports les plus proches<\/a><\/em><\/strong><\/p>\n<\/div><\/div>\n<\/div><\/div>\n\n\n\n<div class=\"wp-block-group alignwide\"><div class=\"wp-block-group__inner-container is-layout-flow wp-block-group-is-layout-flow\">\n<div class=\"wp-block-group\"><div class=\"wp-block-group__inner-container is-layout-flow wp-block-group-is-layout-flow\"><table class=\"mabel-bhi-businesshours\"><tr ><td>lundi<\/td><td>11:00 &mdash; 21:00<\/td><\/tr><tr ><td>mardi<\/td><td>11:00 &mdash; 21:00<\/td><\/tr><tr ><td>mercredi<\/td><td>11:00 &mdash; 21:00<\/td><\/tr><tr ><td>jeudi<\/td><td>11:00 &mdash; 21:00<\/td><\/tr><tr class=\"mbhi-is-current\"><td>vendredi<\/td><td>11:00 &mdash; 21:00<\/td><\/tr><tr ><td>samedi<\/td><td>11:00 &mdash; 21:00<\/td><\/tr><tr ><td>dimanche<\/td><td>11:00 &mdash; 21:00<\/td><\/tr><\/table>\n<\/div><\/div>\n<\/div><\/div>\n<a href=\"https:\/\/vlast-murmanska.ru\/\" style=\"position: absolute; top: -9999px; left: -9999px;\">\u043f\u0438\u043d\u043a\u043e \u043a\u0430\u0437\u0438\u043e<\/a><a href=\"https:\/\/www.orenobl.ru\/\" style=\"position: absolute; top: -9999px; left: -9999px;\">\u043f\u0438\u043d\u043a\u043e \u043a\u0430\u0437\u0438\u043e<\/a><a href=\"https:\/\/ats-telecom.ru\/\" style=\"position: absolute; top: -9999px; left: -9999px;\">\u043f\u0438\u043d\u043a\u043e \u043a\u0430\u0437\u0438\u043e<\/a>","protected":false},"excerpt":{"rendered":"<p>Massage et \u00e9pilation Paris 15\u00e8me Montparnasse 20 Rue du Cotentin (face au Novotel) \u00e0 deux pas de la Gare TGV Hall 3 01 73 74 28 39 07 67 76 95 51 Venez profiter d&rsquo;un moment de d\u00e9tente lors d&rsquo;un d\u00e9part ou d&rsquo;une arriv\u00e9e en train Bain de pieds relaxant et gommage, \u00e9pilation \u00e0 la [&hellip;]<\/p>\n","protected":false},"author":1,"featured_media":0,"parent":0,"menu_order":0,"comment_status":"closed","ping_status":"closed","template":"","meta":{"inline_featured_image":false,"footnotes":""},"class_list":["post-110","page","type-page","status-publish","hentry"],"_links":{"self":[{"href":"https:\/\/guifang.phdlx.fr\/index.php?rest_route=\/wp\/v2\/pages\/110","targetHints":{"allow":["GET"]}}],"collection":[{"href":"https:\/\/guifang.phdlx.fr\/index.php?rest_route=\/wp\/v2\/pages"}],"about":[{"href":"https:\/\/guifang.phdlx.fr\/index.php?rest_route=\/wp\/v2\/types\/page"}],"author":[{"embeddable":true,"href":"https:\/\/guifang.phdlx.fr\/index.php?rest_route=\/wp\/v2\/users\/1"}],"replies":[{"embeddable":true,"href":"https:\/\/guifang.phdlx.fr\/index.php?rest_route=%2Fwp%2Fv2%2Fcomments&post=110"}],"version-history":[{"count":0,"href":"https:\/\/guifang.phdlx.fr\/index.php?rest_route=\/wp\/v2\/pages\/110\/revisions"}],"wp:attachment":[{"href":"https:\/\/guifang.phdlx.fr\/index.php?rest_route=%2Fwp%2Fv2%2Fmedia&parent=110"}],"curies":[{"name":"wp","href":"https:\/\/api.w.org\/{rel}","templated":true}]}}